{"id":28,"date":"2020-10-18T08:30:44","date_gmt":"2020-10-18T11:30:44","guid":{"rendered":"https:\/\/perccurso.com.br\/?page_id=28"},"modified":"2020-12-08T11:19:05","modified_gmt":"2020-12-08T14:19:05","slug":"principais-projetos","status":"publish","type":"page","link":"https:\/\/perccurso.com.br\/index.php\/principais-projetos\/","title":{"rendered":"Principais Projetos"},"content":{"rendered":"<p><div class=\"fusion-fullwidth fullwidth-box fusion-builder-row-1 nonhundred-percent-fullwidth non-hundred-percent-height-scrolling\"  style='background-color: rgba(255,255,255,0);background-position: center center;background-repeat: no-repeat;padding-top:0px;padding-right:0px;padding-bottom:0px;padding-left:0px;'><div class=\"fusion-builder-row fusion-row \"><div  class=\"fusion-layout-column fusion_builder_column fusion_builder_column_1_1 fusion-builder-column-0 fusion-one-full fusion-column-first fusion-column-last 1_1\"  style='margin-top:0px;margin-bottom:20px;'><div class=\"fusion-column-wrapper\" style=\"padding: 0px 0px 0px 0px;background-position:left top;background-repeat:no-repeat;-webkit-background-size:cover;-moz-background-size:cover;-o-background-size:cover;background-size:cover;\"   data-bg-url=\"\"><style type=\"text\/css\">@media only screen and (max-width:800px) {.fusion-title.fusion-title-1{margin-top:10px!important;margin-bottom:10px!important;}}<\/style><div class=\"fusion-title title fusion-title-1 fusion-title-text fusion-title-size-two\" style=\"margin-top:10px;margin-bottom:15px;\"><h2 class=\"title-heading-left\" style=\"margin:0;color:#0000a0;\">PRINCIPAIS PROJETOS<\/h2><div class=\"title-sep-container\"><div class=\"title-sep sep-single sep-solid\" style=\"border-color:#0000a0;\"><\/div><\/div><\/div><div class=\"fusion-clearfix\"><\/div><\/div><\/div><\/div><\/div><style type=\"text\/css\">.fusion-fullwidth.fusion-builder-row-1 a:not(.fusion-button):not(.fusion-builder-module-control):not(.fusion-social-network-icon):not(.fb-icon-element):not(.fusion-countdown-link):not(.fusion-rollover-link):not(.fusion-rollover-gallery):not(.fusion-button-bar):not(.add_to_cart_button):not(.show_details_button):not(.product_type_external):not(.fusion-quick-view):not(.fusion-rollover-title-link):not(.fusion-breadcrumb-link) , .fusion-fullwidth.fusion-builder-row-1 a:not(.fusion-button):not(.fusion-builder-module-control):not(.fusion-social-network-icon):not(.fb-icon-element):not(.fusion-countdown-link):not(.fusion-rollover-link):not(.fusion-rollover-gallery):not(.fusion-button-bar):not(.add_to_cart_button):not(.show_details_button):not(.product_type_external):not(.fusion-quick-view):not(.fusion-rollover-title-link):not(.fusion-breadcrumb-link):before, .fusion-fullwidth.fusion-builder-row-1 a:not(.fusion-button):not(.fusion-builder-module-control):not(.fusion-social-network-icon):not(.fb-icon-element):not(.fusion-countdown-link):not(.fusion-rollover-link):not(.fusion-rollover-gallery):not(.fusion-button-bar):not(.add_to_cart_button):not(.show_details_button):not(.product_type_external):not(.fusion-quick-view):not(.fusion-rollover-title-link):not(.fusion-breadcrumb-link):after {color: #0000a0;}.fusion-fullwidth.fusion-builder-row-1 a:not(.fusion-button):not(.fusion-builder-module-control):not(.fusion-social-network-icon):not(.fb-icon-element):not(.fusion-countdown-link):not(.fusion-rollover-link):not(.fusion-rollover-gallery):not(.fusion-button-bar):not(.add_to_cart_button):not(.show_details_button):not(.product_type_external):not(.fusion-quick-view):not(.fusion-rollover-title-link):not(.fusion-breadcrumb-link):hover, .fusion-fullwidth.fusion-builder-row-1 a:not(.fusion-button):not(.fusion-builder-module-control):not(.fusion-social-network-icon):not(.fb-icon-element):not(.fusion-countdown-link):not(.fusion-rollover-link):not(.fusion-rollover-gallery):not(.fusion-button-bar):not(.add_to_cart_button):not(.show_details_button):not(.product_type_external):not(.fusion-quick-view):not(.fusion-rollover-title-link):not(.fusion-breadcrumb-link):hover:before, .fusion-fullwidth.fusion-builder-row-1 a:not(.fusion-button):not(.fusion-builder-module-control):not(.fusion-social-network-icon):not(.fb-icon-element):not(.fusion-countdown-link):not(.fusion-rollover-link):not(.fusion-rollover-gallery):not(.fusion-button-bar):not(.add_to_cart_button):not(.show_details_button):not(.product_type_external):not(.fusion-quick-view):not(.fusion-rollover-title-link):not(.fusion-breadcrumb-link):hover:after {color: #0000a0;}.fusion-fullwidth.fusion-builder-row-1 .pagination a.inactive:hover, .fusion-fullwidth.fusion-builder-row-1 .fusion-filters .fusion-filter.fusion-active a {border-color: #0000a0;}.fusion-fullwidth.fusion-builder-row-1 .pagination .current {border-color: #0000a0; background-color: #0000a0;}.fusion-fullwidth.fusion-builder-row-1 .fusion-filters .fusion-filter.fusion-active a, .fusion-fullwidth.fusion-builder-row-1 .fusion-date-and-formats .fusion-format-box, .fusion-fullwidth.fusion-builder-row-1 .fusion-popover, .fusion-fullwidth.fusion-builder-row-1 .tooltip-shortcode {color: #0000a0;}#main .fusion-fullwidth.fusion-builder-row-1 .post .blog-shortcode-post-title a:hover {color: #0000a0;}<\/style><div class=\"fusion-fullwidth fullwidth-box fusion-builder-row-2 nonhundred-percent-fullwidth non-hundred-percent-height-scrolling\"  style='background-color: rgba(255,255,255,0);background-position: center center;background-repeat: no-repeat;padding-top:0px;padding-right:0px;padding-bottom:0px;padding-left:0px;'><div class=\"fusion-builder-row fusion-row \"><div  class=\"fusion-layout-column fusion_builder_column fusion_builder_column_1_1 fusion-builder-column-1 fusion-one-full fusion-column-first fusion-column-last 1_1\"  style='margin-top:0px;margin-bottom:20px;'><div class=\"fusion-column-wrapper\" style=\"padding: 0px 0px 0px 0px;background-position:left top;background-repeat:no-repeat;-webkit-background-size:cover;-moz-background-size:cover;-o-background-size:cover;background-size:cover;\"   data-bg-url=\"\"><style type=\"text\/css\">.fusion-accordian  #accordion-28-1 .panel-title a .fa-fusion-box{ color: #ffffff;}.fusion-accordian  #accordion-28-1 .panel-title a .fa-fusion-box:before{ font-size: 16px; width: 16px;}.fusion-accordian  #accordion-28-1 .fa-fusion-box { background-color: #0000a0;border-color: #0000a0;}.fusion-accordian  #accordion-28-1 .panel-title a:hover, #accordion-28-1 .fusion-toggle-boxed-mode:hover .panel-title a { color: #0000a0;}.fusion-accordian  #accordion-28-1 .panel-title .active .fa-fusion-box,.fusion-accordian  #accordion-28-1 .panel-title a:hover .fa-fusion-box { background-color: #0000a0!important;border-color: #0000a0!important;}<\/style><div class=\"accordian fusion-accordian\"><div class=\"panel-group\" id=\"accordion-28-1\" role=\"tablist\"><div class=\"fusion-panel panel-default\" role=\"tabpanel\"><div class=\"panel-heading\"><h4 class=\"panel-title toggle\"><a aria-expanded=\"false\" aria-selected=\"false\" aria-controls=\"c7b1b266269fb52ee\" role=\"tab\" data-toggle=\"collapse\" data-parent=\"#accordion-28-1\" data-target=\"#c7b1b266269fb52ee\" href=\"#c7b1b266269fb52ee\"><span class=\"fusion-toggle-icon-wrapper\" aria-hidden=\"true\"><i class=\"fa-fusion-box\"><\/i><\/span><span class=\"fusion-toggle-heading\">PGR - Sede Foz do Igua\u00e7u<\/span><\/a><\/h4><\/div><div id=\"c7b1b266269fb52ee\" class=\"panel-collapse collapse \"><div class=\"panel-body toggle-content fusion-clearfix\">\n<p style=\"text-align: justify;\">Pr\u00e9dio administrativo da PGR \u2013 Procuradoria Geral da Rep\u00fablica na cidade de Foz do Igua\u00e7u. O projeto de automa\u00e7\u00e3o inclui o sistema de ar-condicionado com tecnologia de \u00c1gua Gelada, Fancoils e Caixas VAV (Volume de Ar Vari\u00e1vel) com aquecimento el\u00e9trico; monitora\u00e7\u00e3o dos Sistemas El\u00e9tricos incluindo medi\u00e7\u00e3o geral, medi\u00e7\u00e3o de restaurantes e terceirizados, supervis\u00e3o da subesta\u00e7\u00e3o e geradores, controle da ilumina\u00e7\u00e3o externa e dos halls de circula\u00e7\u00e3o; hidr\u00e1ulica incluindo medi\u00e7\u00e3o do n\u00edvel dos reservat\u00f3rios e cisternas e monitora\u00e7\u00e3o dos pain\u00e9is de For\u00e7a e Comando de Bombas. A documenta\u00e7\u00e3o desenvolvida consiste de layouts dos pavimentos com detalhes de infra-estrutura, sensores e pain\u00e9is de automa\u00e7\u00e3o e equipamentos controlados\/monitorados, Diagrama e Layouts dos pain\u00e9is de automa\u00e7\u00e3o e de For\u00e7a e Comando, Memorial descritivo, Lista de Pontos de Automa\u00e7\u00e3o e Lista de Materiais.<\/p>\n<\/div><\/div><\/div><div class=\"fusion-panel panel-default\" role=\"tabpanel\"><div class=\"panel-heading\"><h4 class=\"panel-title toggle\"><a aria-expanded=\"false\" aria-selected=\"false\" aria-controls=\"657bca4b1c1cb17fd\" role=\"tab\" data-toggle=\"collapse\" data-parent=\"#accordion-28-1\" data-target=\"#657bca4b1c1cb17fd\" href=\"#657bca4b1c1cb17fd\"><span class=\"fusion-toggle-icon-wrapper\" aria-hidden=\"true\"><i class=\"fa-fusion-box\"><\/i><\/span><span class=\"fusion-toggle-heading\">F\u00e1brica JTI \u2013 Santa Cruz - Projeto<\/span><\/a><\/h4><\/div><div id=\"657bca4b1c1cb17fd\" class=\"panel-collapse collapse \"><div class=\"panel-body toggle-content fusion-clearfix\">\n<p style=\"text-align: justify;\">Revis\u00e3o do Projeto de automa\u00e7\u00e3o da sala de Utilidades 1, incluindo circuito de \u00e1gua gelada e \u00e1gua quente para uso Industrial e de climatiza\u00e7\u00e3o do ambiente da f\u00e1brica e \u00e1reas de escrit\u00f3rios. O reprojeto inclui an\u00e1lise do sistema e suas partes, descri\u00e7\u00e3o de malhas de controle e especifica\u00e7\u00f5es de CLP e instrumenta\u00e7\u00e3o. Servi\u00e7o realizado em parceria com Albert Engenharia.<\/p>\n<\/div><\/div><\/div><div class=\"fusion-panel panel-default\" role=\"tabpanel\"><div class=\"panel-heading\"><h4 class=\"panel-title toggle\"><a aria-expanded=\"false\" aria-selected=\"false\" aria-controls=\"fe840a907066f3e2c\" role=\"tab\" data-toggle=\"collapse\" data-parent=\"#accordion-28-1\" data-target=\"#fe840a907066f3e2c\" href=\"#fe840a907066f3e2c\"><span class=\"fusion-toggle-icon-wrapper\" aria-hidden=\"true\"><i class=\"fa-fusion-box\"><\/i><\/span><span class=\"fusion-toggle-heading\">F\u00e1brica JTI \u2013 Santa Cruz \u2013 Comissionamento e Start-Up<\/span><\/a><\/h4><\/div><div id=\"fe840a907066f3e2c\" class=\"panel-collapse collapse \"><div class=\"panel-body toggle-content fusion-clearfix\">\n<p style=\"text-align: justify;\">Estes servi\u00e7os tamb\u00e9m inclu\u00edram complementa\u00e7\u00e3o de instala\u00e7\u00f5es mec\u00e2nicas e de instrumenta\u00e7\u00e3o, e tamb\u00e9m a reprograma\u00e7\u00e3o do CLP Siemens Simatic ET200SP com HMI TP900.<\/p>\n<p style=\"text-align: justify;\">Os servi\u00e7os de programa\u00e7\u00e3o, comissionamento e start-up do sistema de automa\u00e7\u00e3o da central de Utilidades 01, resultou na integra\u00e7\u00e3o e monitora\u00e7\u00e3o dos seguintes subsistemas:<\/p>\n<ul>\n<li style=\"text-align: justify;\">Circuito de \u00e1gua gelada e \u00e1gua quente para uso Industrial e de climatiza\u00e7\u00e3o ambiente da f\u00e1brica e \u00e1reas de escrit\u00f3rios;<\/li>\n<li style=\"text-align: justify;\">Bombas e Instrumenta\u00e7\u00e3o composta de 10 sensores de temperatura e 05 calor\u00edmetros<\/li>\n<li style=\"text-align: justify;\">04 Medidores de Vaz\u00e3o Endress-Houser do Tratamento de \u00c1gua;<\/li>\n<li style=\"text-align: justify;\">01 Medidor de Vaz\u00e3o de Ar Comprimido Endress-Houser;<\/li>\n<\/ul>\n<\/div><\/div><\/div><div class=\"fusion-panel panel-default\" role=\"tabpanel\"><div class=\"panel-heading\"><h4 class=\"panel-title toggle\"><a aria-expanded=\"false\" aria-selected=\"false\" aria-controls=\"a8b560c954e552cbd\" role=\"tab\" data-toggle=\"collapse\" data-parent=\"#accordion-28-1\" data-target=\"#a8b560c954e552cbd\" href=\"#a8b560c954e552cbd\"><span class=\"fusion-toggle-icon-wrapper\" aria-hidden=\"true\"><i class=\"fa-fusion-box\"><\/i><\/span><span class=\"fusion-toggle-heading\">TRF - Sede Blumenau<\/span><\/a><\/h4><\/div><div id=\"a8b560c954e552cbd\" class=\"panel-collapse collapse \"><div class=\"panel-body toggle-content fusion-clearfix\">\n<p style=\"text-align: justify;\">Pr\u00e9dio administrativo do TRF \u2013 Tribunal Regional Federal na cidade de Blumenau. O projeto de automa\u00e7\u00e3o inclui o sistema de ar-condicionado com tecnologia de \u00c1gua Gelada, Fancoils, Vigas Frias e Caixas VAV (Volume de Ar Vari\u00e1vel), aquecimento por Boiler El\u00e9trico; monitora\u00e7\u00e3o dos Sistemas El\u00e9tricos incluindo medi\u00e7\u00e3o geral, medi\u00e7\u00e3o de restaurantes e terceirizados, supervis\u00e3o da subesta\u00e7\u00e3o e geradores, controle da ilumina\u00e7\u00e3o externa e dos halls de circula\u00e7\u00e3o; hidr\u00e1ulica incluindo medi\u00e7\u00e3o do consumo geral e setorizado (restaurantes), n\u00edvel dos reservat\u00f3rios e cisternas e monitora\u00e7\u00e3o dos pain\u00e9is de For\u00e7a e Comando de Bombas. A documenta\u00e7\u00e3o desenvolvida consiste de layouts dos pavimentos com detalhes de infra-estrutura, sensores e pain\u00e9is de automa\u00e7\u00e3o e equipamentos controlados\/monitorados, Diagrama e Layouts dos pain\u00e9is de automa\u00e7\u00e3o, Memorial Descritivo, Lista de Pontos de Automa\u00e7\u00e3o e Lista de Materiais.<\/p>\n<\/div><\/div><\/div><div class=\"fusion-panel panel-default\" role=\"tabpanel\"><div class=\"panel-heading\"><h4 class=\"panel-title toggle\"><a aria-expanded=\"false\" aria-selected=\"false\" aria-controls=\"0f18750b311003087\" role=\"tab\" data-toggle=\"collapse\" data-parent=\"#accordion-28-1\" data-target=\"#0f18750b311003087\" href=\"#0f18750b311003087\"><span class=\"fusion-toggle-icon-wrapper\" aria-hidden=\"true\"><i class=\"fa-fusion-box\"><\/i><\/span><span class=\"fusion-toggle-heading\">FRAPORT \u2013 Ante-Projeto de Automa\u00e7\u00e3o<\/span><\/a><\/h4><\/div><div id=\"0f18750b311003087\" class=\"panel-collapse collapse \"><div class=\"panel-body toggle-content fusion-clearfix\">\n<p style=\"text-align: justify;\">Estudo e viabilidade dos sistemas de BMS \u2013 Building Management System, SDAI-Sistema de Detec\u00e7\u00e3o e Alarme de Inc\u00eandio, SCA-Sistema de controle de Acesso e SPA-Sistema de Public Adress.\u00a0 Incluiu desenvolvimento dos diagramas da automa\u00e7\u00e3o, sele\u00e7\u00e3o de fornecedores e produtos e memoriais descritivos. Projeto realizado em parceria com a Gera\u00e7\u00e3o Tecnologia.<\/p>\n<p><strong>\u00a0<\/strong><\/p>\n<\/div><\/div><\/div><div class=\"fusion-panel panel-default\" role=\"tabpanel\"><div class=\"panel-heading\"><h4 class=\"panel-title toggle\"><a aria-expanded=\"false\" aria-selected=\"false\" aria-controls=\"0a8dca4aa5bbbb3c0\" role=\"tab\" data-toggle=\"collapse\" data-parent=\"#accordion-28-1\" data-target=\"#0a8dca4aa5bbbb3c0\" href=\"#0a8dca4aa5bbbb3c0\"><span class=\"fusion-toggle-icon-wrapper\" aria-hidden=\"true\"><i class=\"fa-fusion-box\"><\/i><\/span><span class=\"fusion-toggle-heading\">PGR - Sede Manaus<\/span><\/a><\/h4><\/div><div id=\"0a8dca4aa5bbbb3c0\" class=\"panel-collapse collapse \"><div class=\"panel-body toggle-content fusion-clearfix\">\n<p style=\"text-align: justify;\">Pr\u00e9dio administrativo da PGR \u2013 Procuradoria Geral da Rep\u00fablica na cidade de Manaus. O projeto de automa\u00e7\u00e3o inclui o sistema de ar-condicionado com tecnologia de \u00c1gua Gelada, Fancoils e Caixas VAV (Volume de Ar Vari\u00e1vel); monitora\u00e7\u00e3o dos Sistemas El\u00e9tricos incluindo medi\u00e7\u00e3o geral, medi\u00e7\u00e3o de restaurantes e terceirizados, supervis\u00e3o da subesta\u00e7\u00e3o e geradores, controle da ilumina\u00e7\u00e3o externa e dos halls de circula\u00e7\u00e3o; hidr\u00e1ulica incluindo medi\u00e7\u00e3o do n\u00edvel dos reservat\u00f3rios e cisternas e monitora\u00e7\u00e3o dos pain\u00e9is de For\u00e7a e Comando de Bombas. A documenta\u00e7\u00e3o desenvolvida consiste de layouts dos pavimentos com detalhes de infra-estrutura, sensores e pain\u00e9is de automa\u00e7\u00e3o e equipamentos controlados\/monitorados, Diagrama e Layouts dos pain\u00e9is de automa\u00e7\u00e3o e de For\u00e7a e Comando, Memorial Descritivo, Lista de Pontos de Automa\u00e7\u00e3o e Lista de Materiais.<\/p>\n<\/div><\/div><\/div><div class=\"fusion-panel panel-default\" role=\"tabpanel\"><div class=\"panel-heading\"><h4 class=\"panel-title toggle\"><a aria-expanded=\"false\" aria-selected=\"false\" aria-controls=\"831a3481f07f1136e\" role=\"tab\" data-toggle=\"collapse\" data-parent=\"#accordion-28-1\" data-target=\"#831a3481f07f1136e\" href=\"#831a3481f07f1136e\"><span class=\"fusion-toggle-icon-wrapper\" aria-hidden=\"true\"><i class=\"fa-fusion-box\"><\/i><\/span><span class=\"fusion-toggle-heading\">Novo Pr\u00e9dio da RF - Novo Hamburgo <\/span><\/a><\/h4><\/div><div id=\"831a3481f07f1136e\" class=\"panel-collapse collapse \"><div class=\"panel-body toggle-content fusion-clearfix\">\n<p style=\"text-align: justify;\">Reprojeto do SDAI, utilizando tecnologia EATON. Sistema reconfigurado para 2 centrais com 6 la\u00e7os, totalizando 845 dispositivos entre detectores, sinalizadores e acionadores manuais. As duas centrais est\u00e3o interligadas em rede permitindo dois locais de intera\u00e7\u00e3o com os operadores. Foram realizados o Comissionamento e Start-Up do sistema. Projeto realizado em parceria com a empresa Gera\u00e7\u00e3o Tecnologia, instaladora do sistema.<\/p>\n<\/div><\/div><\/div><div class=\"fusion-panel panel-default\" role=\"tabpanel\"><div class=\"panel-heading\"><h4 class=\"panel-title toggle\"><a aria-expanded=\"false\" aria-selected=\"false\" aria-controls=\"c677049a5e15ceb17\" role=\"tab\" data-toggle=\"collapse\" data-parent=\"#accordion-28-1\" data-target=\"#c677049a5e15ceb17\" href=\"#c677049a5e15ceb17\"><span class=\"fusion-toggle-icon-wrapper\" aria-hidden=\"true\"><i class=\"fa-fusion-box\"><\/i><\/span><span class=\"fusion-toggle-heading\">TRF - Sede Foz do Igua\u00e7u<\/span><\/a><\/h4><\/div><div id=\"c677049a5e15ceb17\" class=\"panel-collapse collapse \"><div class=\"panel-body toggle-content fusion-clearfix\">\n<p style=\"text-align: justify;\">Pr\u00e9dio administrativo do TRF \u2013 Tribunal Regional Federal na cidade de Foz do Igua\u00e7u. O projeto de automa\u00e7\u00e3o inclui o sistema de ar-condicionado com tecnologia de \u00c1gua Gelada, Fancoils, Vigas Frias e Caixas VAV (Volume de Ar Vari\u00e1vel); monitora\u00e7\u00e3o dos Sistemas El\u00e9tricos incluindo medi\u00e7\u00e3o geral, medi\u00e7\u00e3o de restaurantes e terceirizados, supervis\u00e3o da subesta\u00e7\u00e3o e geradores, controle da ilumina\u00e7\u00e3o externa e dos halls de circula\u00e7\u00e3o; hidr\u00e1ulica incluindo medi\u00e7\u00e3o do consumo geral e setorizado (restaurantes), n\u00edvel dos reservat\u00f3rios e cisternas e monitora\u00e7\u00e3o dos pain\u00e9is de For\u00e7a e Comando de Bombas. A documenta\u00e7\u00e3o desenvolvida consiste de layouts dos pavimentos com detalhes de infra-estrutura, sensores e pain\u00e9is de automa\u00e7\u00e3o e equipamentos controlados\/monitorados, Diagrama e Layouts dos pain\u00e9is de automa\u00e7\u00e3o, Memorial Descritivo, Lista de Pontos de Automa\u00e7\u00e3o e Lista de Materiais.<\/p>\n<\/div><\/div><\/div><div class=\"fusion-panel panel-default\" role=\"tabpanel\"><div class=\"panel-heading\"><h4 class=\"panel-title toggle\"><a aria-expanded=\"false\" aria-selected=\"false\" aria-controls=\"2dddb8647121e7b3a\" role=\"tab\" data-toggle=\"collapse\" data-parent=\"#accordion-28-1\" data-target=\"#2dddb8647121e7b3a\" href=\"#2dddb8647121e7b3a\"><span class=\"fusion-toggle-icon-wrapper\" aria-hidden=\"true\"><i class=\"fa-fusion-box\"><\/i><\/span><span class=\"fusion-toggle-heading\">UFRGS - Campus da Sa\u00fade - Pr\u00e9dio ICBS - Bloco Sul<\/span><\/a><\/h4><\/div><div id=\"2dddb8647121e7b3a\" class=\"panel-collapse collapse \"><div class=\"panel-body toggle-content fusion-clearfix\">\n<p>Reprojeto do SDAI, utilizando tecnologia EATON. Sistema reconfigurado para 2 centrais com 6 la\u00e7os, totalizando 658 dispositivos entre detectores, sinalizadores e acionadores manuais. As duas centrais est\u00e3o interligadas em rede permitindo dois locais de intera\u00e7\u00e3o com os operadores. Obra em Execu\u00e7\u00e3o onde ser\u00e3o realizados o Comissionamento e o Start-Up do sistema. Projeto realizado em parceria com a empresa Gera\u00e7\u00e3o Tecnologia, instaladora do sistema.<\/p>\n<\/div><\/div><\/div><\/div><\/div><div class=\"fusion-clearfix\"><\/div><\/div><\/div><\/div><\/div><style type=\"text\/css\">.fusion-fullwidth.fusion-builder-row-2 a:not(.fusion-button):not(.fusion-builder-module-control):not(.fusion-social-network-icon):not(.fb-icon-element):not(.fusion-countdown-link):not(.fusion-rollover-link):not(.fusion-rollover-gallery):not(.fusion-button-bar):not(.add_to_cart_button):not(.show_details_button):not(.product_type_external):not(.fusion-quick-view):not(.fusion-rollover-title-link):not(.fusion-breadcrumb-link) , .fusion-fullwidth.fusion-builder-row-2 a:not(.fusion-button):not(.fusion-builder-module-control):not(.fusion-social-network-icon):not(.fb-icon-element):not(.fusion-countdown-link):not(.fusion-rollover-link):not(.fusion-rollover-gallery):not(.fusion-button-bar):not(.add_to_cart_button):not(.show_details_button):not(.product_type_external):not(.fusion-quick-view):not(.fusion-rollover-title-link):not(.fusion-breadcrumb-link):before, .fusion-fullwidth.fusion-builder-row-2 a:not(.fusion-button):not(.fusion-builder-module-control):not(.fusion-social-network-icon):not(.fb-icon-element):not(.fusion-countdown-link):not(.fusion-rollover-link):not(.fusion-rollover-gallery):not(.fusion-button-bar):not(.add_to_cart_button):not(.show_details_button):not(.product_type_external):not(.fusion-quick-view):not(.fusion-rollover-title-link):not(.fusion-breadcrumb-link):after {color: #0000a0;}.fusion-fullwidth.fusion-builder-row-2 a:not(.fusion-button):not(.fusion-builder-module-control):not(.fusion-social-network-icon):not(.fb-icon-element):not(.fusion-countdown-link):not(.fusion-rollover-link):not(.fusion-rollover-gallery):not(.fusion-button-bar):not(.add_to_cart_button):not(.show_details_button):not(.product_type_external):not(.fusion-quick-view):not(.fusion-rollover-title-link):not(.fusion-breadcrumb-link):hover, .fusion-fullwidth.fusion-builder-row-2 a:not(.fusion-button):not(.fusion-builder-module-control):not(.fusion-social-network-icon):not(.fb-icon-element):not(.fusion-countdown-link):not(.fusion-rollover-link):not(.fusion-rollover-gallery):not(.fusion-button-bar):not(.add_to_cart_button):not(.show_details_button):not(.product_type_external):not(.fusion-quick-view):not(.fusion-rollover-title-link):not(.fusion-breadcrumb-link):hover:before, .fusion-fullwidth.fusion-builder-row-2 a:not(.fusion-button):not(.fusion-builder-module-control):not(.fusion-social-network-icon):not(.fb-icon-element):not(.fusion-countdown-link):not(.fusion-rollover-link):not(.fusion-rollover-gallery):not(.fusion-button-bar):not(.add_to_cart_button):not(.show_details_button):not(.product_type_external):not(.fusion-quick-view):not(.fusion-rollover-title-link):not(.fusion-breadcrumb-link):hover:after {color: #0000a0;}.fusion-fullwidth.fusion-builder-row-2 .pagination a.inactive:hover, .fusion-fullwidth.fusion-builder-row-2 .fusion-filters .fusion-filter.fusion-active a {border-color: #0000a0;}.fusion-fullwidth.fusion-builder-row-2 .pagination .current {border-color: #0000a0; background-color: #0000a0;}.fusion-fullwidth.fusion-builder-row-2 .fusion-filters .fusion-filter.fusion-active a, .fusion-fullwidth.fusion-builder-row-2 .fusion-date-and-formats .fusion-format-box, .fusion-fullwidth.fusion-builder-row-2 .fusion-popover, .fusion-fullwidth.fusion-builder-row-2 .tooltip-shortcode {color: #0000a0;}#main .fusion-fullwidth.fusion-builder-row-2 .post .blog-shortcode-post-title a:hover {color: #0000a0;}<\/style><\/p>\n","protected":false},"excerpt":{"rendered":"","protected":false},"author":1,"featured_media":0,"parent":0,"menu_order":0,"comment_status":"closed","ping_status":"closed","template":"","meta":[],"_links":{"self":[{"href":"https:\/\/perccurso.com.br\/index.php\/wp-json\/wp\/v2\/pages\/28"}],"collection":[{"href":"https:\/\/perccurso.com.br\/index.php\/wp-json\/wp\/v2\/pages"}],"about":[{"href":"https:\/\/perccurso.com.br\/index.php\/wp-json\/wp\/v2\/types\/page"}],"author":[{"embeddable":true,"href":"https:\/\/perccurso.com.br\/index.php\/wp-json\/wp\/v2\/users\/1"}],"replies":[{"embeddable":true,"href":"https:\/\/perccurso.com.br\/index.php\/wp-json\/wp\/v2\/comments?post=28"}],"version-history":[{"count":6,"href":"https:\/\/perccurso.com.br\/index.php\/wp-json\/wp\/v2\/pages\/28\/revisions"}],"predecessor-version":[{"id":133,"href":"https:\/\/perccurso.com.br\/index.php\/wp-json\/wp\/v2\/pages\/28\/revisions\/133"}],"wp:attachment":[{"href":"https:\/\/perccurso.com.br\/index.php\/wp-json\/wp\/v2\/media?parent=28"}],"curies":[{"name":"wp","href":"https:\/\/api.w.org\/{rel}","templated":true}]}}