{"id":13,"date":"2020-10-13T15:57:38","date_gmt":"2020-10-13T18:57:38","guid":{"rendered":"https:\/\/perccurso.com.br\/?page_id=13"},"modified":"2020-12-02T09:06:57","modified_gmt":"2020-12-02T12:06:57","slug":"quem-somos","status":"publish","type":"page","link":"https:\/\/perccurso.com.br\/index.php\/quem-somos\/","title":{"rendered":"Quem somos"},"content":{"rendered":"<p><div class=\"fusion-fullwidth fullwidth-box fusion-builder-row-1 nonhundred-percent-fullwidth non-hundred-percent-height-scrolling\"  style='background-color: rgba(255,255,255,0);background-position: center center;background-repeat: no-repeat;padding-top:0px;padding-right:0px;padding-bottom:0px;padding-left:0px;'><div class=\"fusion-builder-row fusion-row \"><div  class=\"fusion-layout-column fusion_builder_column fusion_builder_column_1_1 fusion-builder-column-0 fusion-one-full fusion-column-first fusion-column-last 1_1\"  style='margin-top:0px;margin-bottom:20px;'><div class=\"fusion-column-wrapper\" style=\"padding: 0px 0px 0px 0px;background-position:left top;background-repeat:no-repeat;-webkit-background-size:cover;-moz-background-size:cover;-o-background-size:cover;background-size:cover;\"   data-bg-url=\"\"><style type=\"text\/css\">@media only screen and (max-width:800px) {.fusion-title.fusion-title-1{margin-top:10px!important;margin-bottom:10px!important;}}<\/style><div class=\"fusion-title title fusion-title-1 fusion-title-text fusion-title-size-two\" style=\"margin-top:10px;margin-bottom:15px;\"><h2 class=\"title-heading-left\" style=\"margin:0;color:#0000a0;\">QUEM SOMOS<\/h2><div class=\"title-sep-container\"><div class=\"title-sep sep-single sep-solid\" style=\"border-color:#0000a0;\"><\/div><\/div><\/div><div class=\"fusion-clearfix\"><\/div><\/div><\/div><\/div><\/div><style type=\"text\/css\">.fusion-fullwidth.fusion-builder-row-1 a:not(.fusion-button):not(.fusion-builder-module-control):not(.fusion-social-network-icon):not(.fb-icon-element):not(.fusion-countdown-link):not(.fusion-rollover-link):not(.fusion-rollover-gallery):not(.fusion-button-bar):not(.add_to_cart_button):not(.show_details_button):not(.product_type_external):not(.fusion-quick-view):not(.fusion-rollover-title-link):not(.fusion-breadcrumb-link) , .fusion-fullwidth.fusion-builder-row-1 a:not(.fusion-button):not(.fusion-builder-module-control):not(.fusion-social-network-icon):not(.fb-icon-element):not(.fusion-countdown-link):not(.fusion-rollover-link):not(.fusion-rollover-gallery):not(.fusion-button-bar):not(.add_to_cart_button):not(.show_details_button):not(.product_type_external):not(.fusion-quick-view):not(.fusion-rollover-title-link):not(.fusion-breadcrumb-link):before, .fusion-fullwidth.fusion-builder-row-1 a:not(.fusion-button):not(.fusion-builder-module-control):not(.fusion-social-network-icon):not(.fb-icon-element):not(.fusion-countdown-link):not(.fusion-rollover-link):not(.fusion-rollover-gallery):not(.fusion-button-bar):not(.add_to_cart_button):not(.show_details_button):not(.product_type_external):not(.fusion-quick-view):not(.fusion-rollover-title-link):not(.fusion-breadcrumb-link):after {color: #0000a0;}.fusion-fullwidth.fusion-builder-row-1 a:not(.fusion-button):not(.fusion-builder-module-control):not(.fusion-social-network-icon):not(.fb-icon-element):not(.fusion-countdown-link):not(.fusion-rollover-link):not(.fusion-rollover-gallery):not(.fusion-button-bar):not(.add_to_cart_button):not(.show_details_button):not(.product_type_external):not(.fusion-quick-view):not(.fusion-rollover-title-link):not(.fusion-breadcrumb-link):hover, .fusion-fullwidth.fusion-builder-row-1 a:not(.fusion-button):not(.fusion-builder-module-control):not(.fusion-social-network-icon):not(.fb-icon-element):not(.fusion-countdown-link):not(.fusion-rollover-link):not(.fusion-rollover-gallery):not(.fusion-button-bar):not(.add_to_cart_button):not(.show_details_button):not(.product_type_external):not(.fusion-quick-view):not(.fusion-rollover-title-link):not(.fusion-breadcrumb-link):hover:before, .fusion-fullwidth.fusion-builder-row-1 a:not(.fusion-button):not(.fusion-builder-module-control):not(.fusion-social-network-icon):not(.fb-icon-element):not(.fusion-countdown-link):not(.fusion-rollover-link):not(.fusion-rollover-gallery):not(.fusion-button-bar):not(.add_to_cart_button):not(.show_details_button):not(.product_type_external):not(.fusion-quick-view):not(.fusion-rollover-title-link):not(.fusion-breadcrumb-link):hover:after {color: #0000a0;}.fusion-fullwidth.fusion-builder-row-1 .pagination a.inactive:hover, .fusion-fullwidth.fusion-builder-row-1 .fusion-filters .fusion-filter.fusion-active a {border-color: #0000a0;}.fusion-fullwidth.fusion-builder-row-1 .pagination .current {border-color: #0000a0; background-color: #0000a0;}.fusion-fullwidth.fusion-builder-row-1 .fusion-filters .fusion-filter.fusion-active a, .fusion-fullwidth.fusion-builder-row-1 .fusion-date-and-formats .fusion-format-box, .fusion-fullwidth.fusion-builder-row-1 .fusion-popover, .fusion-fullwidth.fusion-builder-row-1 .tooltip-shortcode {color: #0000a0;}#main .fusion-fullwidth.fusion-builder-row-1 .post .blog-shortcode-post-title a:hover {color: #0000a0;}<\/style><div class=\"fusion-fullwidth fullwidth-box fusion-builder-row-2 nonhundred-percent-fullwidth non-hundred-percent-height-scrolling\"  style='background-color: rgba(255,255,255,0);background-position: center center;background-repeat: no-repeat;padding-top:0px;padding-right:0px;padding-bottom:0px;padding-left:0px;'><div class=\"fusion-builder-row fusion-row \"><div  class=\"fusion-layout-column fusion_builder_column fusion_builder_column_1_1 fusion-builder-column-1 fusion-one-full fusion-column-first fusion-column-last 1_1\"  style='margin-top:0px;margin-bottom:0px;'><div class=\"fusion-column-wrapper\" style=\"padding: 0px 0px 0px 0px;background-position:left top;background-repeat:no-repeat;-webkit-background-size:cover;-moz-background-size:cover;-o-background-size:cover;background-size:cover;\"   data-bg-url=\"\"><div class=\"fusion-text\"><p style=\"text-align: justify;\"><strong>A EMPRESA<\/strong><\/p>\n<p style=\"text-align: justify;\">A <strong>PERCCURSO SOLU\u00c7\u00d5ES TECNOL\u00d3GICAS<\/strong> tem expertise em Automa\u00e7\u00e3o e Supervis\u00e3o de Sistemas de Utilidades Prediais e Industriais e realiza servi\u00e7os de Projetos, Consultoria, Execu\u00e7\u00e3o, Comissionamento e Start-Up.<\/p>\n<p style=\"text-align: justify;\">As disciplinas atendidas incluem El\u00e9trica e Sistemas alternativos de Energia, como Fotovolt\u00e1ico e E\u00f3lico, Sistemas Hidr\u00e1ulicos, Ar-Condicionado, Refrigera\u00e7\u00e3o e Utilidades Industriais, que incluem Centrais de \u00c1gua Gelada e Quente, Ventila\u00e7\u00e3o e Exaust\u00e3o,\u00a0 Ar-Comprimido e Vapor.<\/p>\n<p style=\"text-align: justify;\">A empresa conta hoje com carteira de projetos diversificados, que incluem pr\u00e9dios comerciais, aeroportos, ind\u00fastrias e supermercados, e atua tamb\u00e9m como consultora em automa\u00e7\u00e3o para empresas instaladoras e escrit\u00f3rios de arquitetura.<\/p>\n<p style=\"text-align: justify;\"><strong>VALORES<\/strong><\/p>\n<p style=\"text-align: justify;\">A <strong>PERCCURSO SOLU\u00c7\u00d5ES TECNOL\u00d3GICAS<\/strong> ap\u00f3ia seus valores no <strong>TRIP\u00c9 DA SUSTENTABILIDADE<\/strong>, que \u00e9 a base de valores do <strong>Green Building Council International<\/strong>.<\/p>\n<p style=\"text-align: justify;\"><strong>Responsabilidade S\u00f3cio-Ambiental<\/strong><\/p>\n<p style=\"text-align: justify;\">Nossos projetos visam o desenvolvimento de sistemas mais sustent\u00e1veis, com orienta\u00e7\u00e3o para efici\u00eancia energ\u00e9tica, redu\u00e7\u00e3o de res\u00edduos e redu\u00e7\u00e3o do impacto ambiental negativo.<\/p>\n<p style=\"text-align: justify;\"><strong>Responsabilidade Social<\/strong><\/p>\n<p style=\"text-align: justify;\">Proporcionar uma vida melhor nos ambientes de trabalho comerciais, administrativos e industriais atrav\u00e9s de melhores solu\u00e7\u00f5es de climatiza\u00e7\u00e3o, ventila\u00e7\u00e3o e ilumina\u00e7\u00e3o. A qualidade do ambiente de trabalho tem impacto direto na sa\u00fade, bem-estar, motiva\u00e7\u00e3o e produtividade da pessoas.<\/p>\n<p style=\"text-align: justify;\"><strong>Prosperidade Econ\u00f4mica<\/strong><\/p>\n<p style=\"text-align: justify;\">Atrav\u00e9s de projetos que proporcionem a melhor utiliza\u00e7\u00e3o de recursos como energia el\u00e9trica e energias alternativas, \u00e1gua e outros recursos naturais, viabilizando redu\u00e7\u00e3o no custo de insumos e consequente sustentabilidade econ\u00f4mica.<\/p>\n<p style=\"text-align: justify;\">Acrescentamos ainda a <strong>INOVA\u00c7\u00c3O<\/strong> e <strong>ATUALIZA\u00c7\u00c3O TECNOL\u00d3GICA<\/strong> como valores importantes, de modo que possamos apresentar para nossos clientes sempre a melhor op\u00e7\u00e3o tecnol\u00f3gica que ir\u00e1 atender os requisitos e necessidades dos projetos.<\/p>\n<\/div><div class=\"fusion-clearfix\"><\/div><\/div><\/div><\/div><\/div><\/p>\n","protected":false},"excerpt":{"rendered":"","protected":false},"author":1,"featured_media":0,"parent":0,"menu_order":0,"comment_status":"closed","ping_status":"closed","template":"","meta":[],"_links":{"self":[{"href":"https:\/\/perccurso.com.br\/index.php\/wp-json\/wp\/v2\/pages\/13"}],"collection":[{"href":"https:\/\/perccurso.com.br\/index.php\/wp-json\/wp\/v2\/pages"}],"about":[{"href":"https:\/\/perccurso.com.br\/index.php\/wp-json\/wp\/v2\/types\/page"}],"author":[{"embeddable":true,"href":"https:\/\/perccurso.com.br\/index.php\/wp-json\/wp\/v2\/users\/1"}],"replies":[{"embeddable":true,"href":"https:\/\/perccurso.com.br\/index.php\/wp-json\/wp\/v2\/comments?post=13"}],"version-history":[{"count":6,"href":"https:\/\/perccurso.com.br\/index.php\/wp-json\/wp\/v2\/pages\/13\/revisions"}],"predecessor-version":[{"id":129,"href":"https:\/\/perccurso.com.br\/index.php\/wp-json\/wp\/v2\/pages\/13\/revisions\/129"}],"wp:attachment":[{"href":"https:\/\/perccurso.com.br\/index.php\/wp-json\/wp\/v2\/media?parent=13"}],"curies":[{"name":"wp","href":"https:\/\/api.w.org\/{rel}","templated":true}]}}